{"id":164,"date":"2016-01-30T12:34:30","date_gmt":"2016-01-30T12:34:30","guid":{"rendered":"http:\/\/impact-phs.eu\/?page_id=164"},"modified":"2016-04-10T16:41:59","modified_gmt":"2016-04-10T16:41:59","slug":"the-concept-of-phs","status":"publish","type":"page","link":"https:\/\/impact-phs.eu\/cz\/do-i-want-to-assess-an-existing-phs-policy\/part-1-what-are-phs\/the-concept-of-phs\/","title":{"rendered":"Co jsou osobn\u00ed slu\u017eby a slu\u017eby pro dom\u00e1cnost?"},"content":{"rendered":"<p><a href=\"http:\/\/impact-phs.eu\/wp-content\/uploads\/2015\/12\/21-3.png\" rel=\"attachment wp-att-1555\"><img loading=\"lazy\" decoding=\"async\" class=\"alignnone size-full wp-image-1555\" src=\"http:\/\/impact-phs.eu\/wp-content\/uploads\/2015\/12\/21-3.png\" alt=\"2[1]\" width=\"728\" height=\"90\" srcset=\"https:\/\/impact-phs.eu\/wp-content\/uploads\/2015\/12\/21-3.png 728w, https:\/\/impact-phs.eu\/wp-content\/uploads\/2015\/12\/21-3-300x37.png 300w\" sizes=\"auto, (max-width: 728px) 100vw, 728px\" \/><\/a><\/p>\n<p>V pracovn\u00edm dokumentu z roku 2012 Evropsk\u00e1 komise popisuje osobn\u00ed slu\u017eby a slu\u017eby pro dom\u00e1cnost jako \u0161irokou \u0161k\u00e1lu \u010dinnost\u00ed, kter\u00e9 p\u0159isp\u00edvaj\u00ed k pohod\u011b rodin a jednotlivc\u016f v dom\u00e1cnostech: p\u00e9\u010di o d\u011bti, dlouhodobou p\u00e9\u010di o star\u0161\u00ed a zdravotn\u011b posti\u017een\u00e9 osoby, \u00faklid, dou\u010dov\u00e1n\u00ed, dom\u00e1c\u00ed opravy, zahradnick\u00e9 pr\u00e1ce, podporu IKT atd.<\/p>\n<p>Tato definice zahrnuje<strong> pe\u010dovatelsk\u00e9 i nepe\u010dovatelsk\u00e9 \u010dinnosti.<\/strong> V jin\u00e9m dokumentu definovala Komise (2011) \u201eosobn\u00ed slu\u017eby\u201c jako: \u201e<em>p\u0159eskupen\u00ed v\u0161ech slu\u017eeb, kter\u00e9 p\u0159isp\u00edvaj\u00ed k v\u011bt\u0161\u00ed dom\u00e1c\u00ed pohod\u011b ob\u010dana: slu\u017eby p\u00e9\u010de (p\u00e9\u010de o d\u011bti, pomoc v dom\u00e1cnosti, p\u00e9\u010de o star\u0161\u00ed ob\u010dany atd.), \u00faklid, dou\u010dov\u00e1n\u00ed, opravy v dom\u00e1cnosti (elekt\u0159ina, zahradnick\u00e9 pr\u00e1ce atd.) a \u00fadr\u017ebu (administrativn\u00ed a technick\u00e1 podpora)<\/em>\u201c.<\/p>\n<p>Evropsk\u00fd fond pro zlep\u0161ov\u00e1n\u00ed bydlen\u00ed a pracovn\u00edch podm\u00ednek ve sv\u00e9 zpr\u00e1v\u011b o \u201ezam\u011bstnanosti ve slu\u017eb\u00e1ch pro dom\u00e1cnost\u201c z roku 2001 definoval tyto slu\u017eby jako: <em>\u201ev\u0161echny slu\u017eby poskytovan\u00e9 ve\u0159ejn\u00fdmi nebo soukrom\u00fdmi organizacemi, p\u0159\u00edpadn\u011b t\u0159et\u00edm sektorem, kter\u00e9 placenou prac\u00ed (ve form\u011b zam\u011bstn\u00e1n\u00ed nebo samostatn\u00e9 v\u00fdd\u011ble\u010dn\u00e9 \u010dinnosti) nahrazuj\u00ed pr\u00e1ci, kter\u00e1 byla v minulosti prov\u00e1d\u011bna bezplatn\u011b v r\u00e1mci dom\u00e1cnosti. Zahrnuty jsou tud\u00ed\u017e v\u0161echny slu\u017eby poskytovan\u00e9 uvnit\u0159 \u010di vn\u011b domova u\u017eivatele, poskytuj\u00ed-li podporu \u010dlen\u016fm soukrom\u00e9 dom\u00e1cnosti\u201c<\/em> (Cancedda, 2001). Tato zpr\u00e1va identifikovala p\u011bt d\u00edl\u010d\u00edch sektor\u016f dom\u00e1c\u00edch slu\u017eeb: p\u00e9\u010de o d\u011bti, p\u00e9\u010de o star\u0161\u00ed ob\u010dany, dom\u00e1c\u00ed \u00faklid (\u00faklid domu, lo\u017en\u00ed pr\u00e1dlo, oble\u010den\u00ed atd.), stravov\u00e1n\u00ed, \u00fadr\u017eba dom\u00e1cnosti a zahradnick\u00e9 pr\u00e1ce.<\/p>\n<p>V tomto projektu jsme se rozhodli pou\u017e\u00edt definici osobn\u00edch slu\u017eeb a slu\u017eeb pro dom\u00e1cnost, tak jak ji formulovala Komise v roce 2012, a zahrnout jak slu\u017eby na podporu dom\u00e1cnosti, tak i pe\u010dovatelsk\u00e9 slu\u017eby. Dr\u017eeli jsme se my\u0161lenky, \u017ee pe\u010dovatelsk\u00e9 slu\u017eby jsou poskytov\u00e1ny (z\u00e1visl\u00fdm) osob\u00e1m se zvl\u00e1\u0161tn\u00edmi pot\u0159ebami (dlouhodob\u00e1 p\u00e9\u010de o star\u0161\u00ed osoby, pe\u010dovatelsk\u00e9 slu\u017eby pro zdravotn\u011b posti\u017een\u00e9 osoby, p\u00e9\u010de o d\u011bti), zat\u00edmco slu\u017eby na podporu dom\u00e1cnosti jsou poskytov\u00e1ny s c\u00edlem zlep\u0161it pohodu jejich p\u0159\u00edjemc\u016f. V p\u0159\u00edru\u010dce jsou popsan\u00e9 n\u00e1sleduj\u00edc\u00ed typy slu\u017eeb:<\/p>\n<ul>\n<li>\u00daklid <em>(podpora dom\u00e1cnosti)<\/em><\/li>\n<li>Va\u0159en\u00ed <em>(podpora dom\u00e1cnosti)<\/em><\/li>\n<li>\u017dehlen\u00ed <em>(podpora dom\u00e1cnosti)<\/em><\/li>\n<li>Dom\u00e1c\u00ed opravy <em>(podpora dom\u00e1cnosti)<\/em><\/li>\n<li>Zahradnick\u00e9 pr\u00e1ce <em>(podpora dom\u00e1cnosti)<\/em><\/li>\n<li>\u00dadr\u017eba <em>(podpora dom\u00e1cnosti)<\/em><\/li>\n<li>Dou\u010dov\u00e1n\u00ed <em>(podpora dom\u00e1cnosti)<\/em><\/li>\n<li>P\u00e9\u010de o star\u0161\u00ed osoby <em>(pe\u010dovatelsk\u00e9 slu\u017eby)<\/em><\/li>\n<li>P\u00e9\u010de o osoby se zdravotn\u00edm posti\u017een\u00edm <em>(pe\u010dovatelsk\u00e9 slu\u017eby)<\/em><\/li>\n<li>P\u00e9\u010de o d\u011bti <em>(pe\u010dovatelsk\u00e9 slu\u017eby)<\/em><\/li>\n<\/ul>\n<p>Je d\u016fle\u017eit\u00e9 poznamenat, \u017ee stejnou slu\u017ebu (nap\u0159. dom\u00e1c\u00ed \u00faklid) lze pova\u017eovat za sou\u010d\u00e1st celkov\u00e9 p\u00e9\u010de poskytovan\u00e9 z\u00e1visl\u00e9 osob\u011b, anebo ji lze poskytovat osob\u011b, kter\u00e1 nen\u00ed z\u00e1visl\u00e1, s p\u0159ihl\u00e9dnut\u00edm k dal\u0161\u00edm socioekonomick\u00fdm aspekt\u016fm: nap\u0159. snaz\u0161\u00ed za\u010dlen\u011bn\u00ed \u017een na trhu pr\u00e1ce, podpora lep\u0161\u00ed rovnov\u00e1hy mezi pracovn\u00edm a soukrom\u00fdm \u017eivotem, omezen\u00ed probl\u00e9m\u016f spojen\u00fdch s du\u0161evn\u00ed zdrav\u00edm a psychosoci\u00e1ln\u00edch probl\u00e9m\u016f atd. (Orseu, 2013). Proto je d\u016fle\u017eit\u00fd stav p\u0159\u00edjemce osobn\u00ed slu\u017eby, kter\u00fd m\u016f\u017ee pomoci definovat povahu takov\u00e9 slu\u017eby. Z toho d\u016fvodu je obt\u00ed\u017en\u00e9 rozli\u0161ovat mezi pe\u010dovatelsk\u00fdmi a nepe\u010dovatelsk\u00fdmi \u010dinnostmi.<\/p>\n<p>T\u0159eba\u017ee pe\u010dovatelsk\u00e9 slu\u017eby a \u010dinnosti na podporu dom\u00e1cnosti maj\u00ed rozd\u00edln\u00e9 c\u00edle a \u00fa\u010dinky a v n\u011bkter\u00fdch zem\u00edch b\u00fdvaj\u00ed organizov\u00e1ny odli\u0161n\u011b<a href=\"#_ftn1\" name=\"_ftnref1\">[1]<\/a>, mohou b\u00fdt oba typy slu\u017eeb podporovan\u00e9 stejn\u00fdm druhem opat\u0159en\u00ed. Nav\u00edc navzdory soci\u00e1ln\u00edmu c\u00edli pe\u010dovatelsk\u00fdch slu\u017eeb p\u0159edstavuj\u00ed tyto druhy slu\u017eeb v\u00fdznamn\u00fd zdroj nov\u00fdch pracovn\u00edch m\u00edst a vytv\u00e1\u0159ej\u00ed d\u016fle\u017eit\u00e9 p\u0159\u00ednosy pro st\u00e1tn\u00ed spr\u00e1vu.<\/p>\n<p>Je nicm\u00e9n\u011b d\u016fle\u017eit\u00e9 rozli\u0161ovat mezi t\u011bmito dv\u011bma typy slu\u017eeb, proto\u017ee mohou m\u00edt r\u016fzn\u00e9 \u00fa\u010dinky. Je rovn\u011b\u017e d\u016fle\u017eit\u00e9 m\u00edt na pam\u011bti, \u017ee oba typy slu\u017eeb mohou vytv\u00e1\u0159et r\u016fzn\u00e9 typy pracovn\u00edch m\u00edst. Nap\u0159\u00edklad n\u011bkter\u00e1 pracovn\u00ed m\u00edsta v pe\u010dovatelsk\u00fdch slu\u017eb\u00e1ch vy\u017eaduj\u00ed kvalifikovan\u00e9 pracovn\u00edky a velmi specifick\u00e9 schopnosti.<\/p>\n<hr \/>\n<p><a href=\"#_ftnref1\" name=\"_ftn1\">[1]<\/a>Pe\u010dovatelsk\u00e9 slu\u017eby jsou pova\u017eov\u00e1ny za soci\u00e1ln\u00ed politiky a jsou ur\u010den\u00e9 k rozvoji p\u00e9\u010de o z\u00e1visl\u00e9 osoby, p\u00e9\u010de o d\u011bti atd. V mnoha zem\u00edch jsou tyto slu\u017eby posuzovan\u00e9 ve\u0159ejn\u00fdmi org\u00e1ny. Podpora dom\u00e1cnosti je naproti tomu pova\u017eov\u00e1na za sou\u010d\u00e1st politik zam\u011bstnanosti a m\u011bla by pomoci vytv\u00e1\u0159et nov\u00e1 pracovn\u00ed m\u00edsta, motivovat nezam\u011bstnan\u00e9 a pot\u00edrat nehl\u00e1\u0161enou pr\u00e1ci, podporovat politiky zaji\u0161\u0165uj\u00edc\u00ed rovnov\u00e1hu mezi pracovn\u00edm a soukrom\u00fdm \u017eivotem atd.<\/p>\n<p style=\"text-align: right;\"><div class=\"alignright\"><a href=\"https:\/\/impact-phs.eu\/cz\/do-i-want-to-assess-an-existing-phs-policy\/part-1-what-are-phs\/the-societal-demand-for-phs-and-its-challenges\/\" title=\"Zv\u00fd\u0161en\u00e1 spole\u010densk\u00e1 popt\u00e1vka po osobn\u00edch slu\u017eb\u00e1ch a slu\u017eb\u00e1ch pro dom\u00e1cnost p\u0159in\u00e1\u0161\u00ed \u0159adu v\u00fdzev\">Next: Zv\u00fd\u0161en\u00e1 spole\u010densk\u00e1 popt\u00e1vka po osobn\u00edch slu\u017eb\u00e1ch a slu\u017eb\u00e1ch pro dom\u00e1cnost p\u0159in\u00e1\u0161\u00ed \u0159adu v\u00fdzev<\/a><\/div><\/p>\n<p><\/p>","protected":false},"excerpt":{"rendered":"<p>V pracovn\u00edm dokumentu z roku 2012 Evropsk\u00e1 komise popisuje osobn\u00ed slu\u017eby a slu\u017eby pro dom\u00e1cnost jako \u0161irokou \u0161k\u00e1lu \u010dinnost\u00ed, kter\u00e9 [&hellip;]<\/p>\n","protected":false},"author":1,"featured_media":0,"parent":44,"menu_order":1,"comment_status":"closed","ping_status":"closed","template":"","meta":{"site-sidebar-layout":"default","site-content-layout":"","ast-site-content-layout":"default","site-content-style":"default","site-sidebar-style":"default","ast-global-header-display":"","ast-banner-title-visibility":"","ast-main-header-display":"","ast-hfb-above-header-display":"","ast-hfb-below-header-display":"","ast-hfb-mobile-header-display":"","site-post-title":"","ast-breadcrumbs-content":"","ast-featured-img":"","footer-sml-layout":"","theme-transparent-header-meta":"","adv-header-id-meta":"","stick-header-meta":"","header-above-stick-meta":"","header-main-stick-meta":"","header-below-stick-meta":"","astra-migrate-meta-layouts":"default","ast-page-background-enabled":"default","ast-page-background-meta":{"desktop":{"background-color":"var(--ast-global-color-5)","background-image":"","background-repeat":"repeat","background-position":"center center","background-size":"auto","background-attachment":"scroll","background-type":"","background-media":"","overlay-type":"","overlay-color":"","overlay-opacity":"","overlay-gradient":""},"tablet":{"background-color":"","background-image":"","background-repeat":"repeat","background-position":"center center","background-size":"auto","background-attachment":"scroll","background-type":"","background-media":"","overlay-type":"","overlay-color":"","overlay-opacity":"","overlay-gradient":""},"mobile":{"background-color":"","background-image":"","background-repeat":"repeat","background-position":"center center","background-size":"auto","background-attachment":"scroll","background-type":"","background-media":"","overlay-type":"","overlay-color":"","overlay-opacity":"","overlay-gradient":""}},"ast-content-background-meta":{"desktop":{"background-color":"var(--ast-global-color-4)","background-image":"","background-repeat":"repeat","background-position":"center center","background-size":"auto","background-attachment":"scroll","background-type":"","background-media":"","overlay-type":"","overlay-color":"","overlay-opacity":"","overlay-gradient":""},"tablet":{"background-color":"var(--ast-global-color-4)","background-image":"","background-repeat":"repeat","background-position":"center center","background-size":"auto","background-attachment":"scroll","background-type":"","background-media":"","overlay-type":"","overlay-color":"","overlay-opacity":"","overlay-gradient":""},"mobile":{"background-color":"var(--ast-global-color-4)","background-image":"","background-repeat":"repeat","background-position":"center center","background-size":"auto","background-attachment":"scroll","background-type":"","background-media":"","overlay-type":"","overlay-color":"","overlay-opacity":"","overlay-gradient":""}},"footnotes":""},"class_list":["post-164","page","type-page","status-publish","hentry"],"yoast_head":"<!-- This site is optimized with the Yoast SEO plugin v25.8 - https:\/\/yoast.com\/wordpress\/plugins\/seo\/ -->\n<title>Co jsou osobn\u00ed slu\u017eby a slu\u017eby pro dom\u00e1cnost? -<\/title>\n<meta name=\"robots\" content=\"index, follow, max-snippet:-1, max-image-preview:large, max-video-preview:-1\" \/>\n<link rel=\"canonical\" href=\"https:\/\/impact-phs.eu\/cz\/do-i-want-to-assess-an-existing-phs-policy\/part-1-what-are-phs\/the-concept-of-phs\/\" \/>\n<meta property=\"og:locale\" content=\"en_US\" \/>\n<meta property=\"og:type\" content=\"article\" \/>\n<meta property=\"og:title\" content=\"Co jsou osobn\u00ed slu\u017eby a slu\u017eby pro dom\u00e1cnost? -\" \/>\n<meta property=\"og:description\" content=\"V pracovn\u00edm dokumentu z roku 2012 Evropsk\u00e1 komise popisuje osobn\u00ed slu\u017eby a slu\u017eby pro dom\u00e1cnost jako \u0161irokou \u0161k\u00e1lu \u010dinnost\u00ed, kter\u00e9 [&hellip;]\" \/>\n<meta property=\"og:url\" content=\"https:\/\/impact-phs.eu\/cz\/do-i-want-to-assess-an-existing-phs-policy\/part-1-what-are-phs\/the-concept-of-phs\/\" \/>\n<meta property=\"article:modified_time\" content=\"2016-04-10T16:41:59+00:00\" \/>\n<meta property=\"og:image\" content=\"https:\/\/impact-phs.eu\/wp-content\/uploads\/2015\/12\/2.jpg\" \/>\n\t<meta property=\"og:image:width\" content=\"728\" \/>\n\t<meta property=\"og:image:height\" content=\"90\" \/>\n\t<meta property=\"og:image:type\" content=\"image\/jpeg\" \/>\n<meta name=\"twitter:card\" content=\"summary_large_image\" \/>\n<meta name=\"twitter:label1\" content=\"Est. reading time\" \/>\n\t<meta name=\"twitter:data1\" content=\"19 minutes\" \/>\n<script type=\"application\/ld+json\" class=\"yoast-schema-graph\">{\"@context\":\"https:\/\/schema.org\",\"@graph\":[{\"@type\":\"WebPage\",\"@id\":\"https:\/\/impact-phs.eu\/cz\/do-i-want-to-assess-an-existing-phs-policy\/part-1-what-are-phs\/the-concept-of-phs\/\",\"url\":\"https:\/\/impact-phs.eu\/cz\/do-i-want-to-assess-an-existing-phs-policy\/part-1-what-are-phs\/the-concept-of-phs\/\",\"name\":\"Co jsou osobn\u00ed slu\u017eby a slu\u017eby pro dom\u00e1cnost? -\",\"isPartOf\":{\"@id\":\"https:\/\/impact-phs.eu\/cz\/#website\"},\"primaryImageOfPage\":{\"@id\":\"https:\/\/impact-phs.eu\/cz\/do-i-want-to-assess-an-existing-phs-policy\/part-1-what-are-phs\/the-concept-of-phs\/#primaryimage\"},\"image\":{\"@id\":\"https:\/\/impact-phs.eu\/do-i-want-to-assess-an-existing-phs-policy\/part-1-what-are-phs\/the-concept-of-phs\/#primaryimage\"},\"thumbnailUrl\":\"http:\/\/impact-phs.eu\/wp-content\/uploads\/2015\/12\/2.jpg\",\"datePublished\":\"2016-01-30T12:34:30+00:00\",\"dateModified\":\"2016-04-10T16:41:59+00:00\",\"breadcrumb\":{\"@id\":\"https:\/\/impact-phs.eu\/cz\/do-i-want-to-assess-an-existing-phs-policy\/part-1-what-are-phs\/the-concept-of-phs\/#breadcrumb\"},\"inLanguage\":\"cz-CZ\",\"potentialAction\":[{\"@type\":\"ReadAction\",\"target\":[[\"https:\/\/impact-phs.eu\/cz\/do-i-want-to-assess-an-existing-phs-policy\/part-1-what-are-phs\/the-concept-of-phs\/\"]]}]},{\"@type\":\"ImageObject\",\"inLanguage\":\"cz-CZ\",\"@id\":\"https:\/\/impact-phs.eu\/cz\/do-i-want-to-assess-an-existing-phs-policy\/part-1-what-are-phs\/the-concept-of-phs\/#primaryimage\",\"url\":\"http:\/\/impact-phs.eu\/wp-content\/uploads\/2015\/12\/2.jpg\",\"contentUrl\":\"http:\/\/impact-phs.eu\/wp-content\/uploads\/2015\/12\/2.jpg\"},{\"@type\":\"BreadcrumbList\",\"@id\":\"https:\/\/impact-phs.eu\/cz\/do-i-want-to-assess-an-existing-phs-policy\/part-1-what-are-phs\/the-concept-of-phs\/#breadcrumb\",\"itemListElement\":[{\"@type\":\"ListItem\",\"position\":1,\"name\":\"Home\",\"item\":\"https:\/\/impact-phs.eu\/cz\/\"},{\"@type\":\"ListItem\",\"position\":2,\"name\":\"I want to assess an existing phs policy\",\"item\":\"https:\/\/impact-phs.eu\/cz\/do-i-want-to-assess-an-existing-phs-policy\/\"},{\"@type\":\"ListItem\",\"position\":3,\"name\":\"Part 1 &#8211; What are PHS ?\",\"item\":\"https:\/\/impact-phs.eu\/cz\/do-i-want-to-assess-an-existing-phs-policy\/part-1-what-are-phs\/\"},{\"@type\":\"ListItem\",\"position\":4,\"name\":\"What are PHS ?\"}]},{\"@type\":\"WebSite\",\"@id\":\"https:\/\/impact-phs.eu\/cz\/#website\",\"url\":\"https:\/\/impact-phs.eu\/cz\/\",\"name\":\"\",\"description\":\"Implementation and monitoring guide of PHS policies\",\"potentialAction\":[{\"@type\":\"SearchAction\",\"target\":{\"@type\":\"EntryPoint\",\"urlTemplate\":\"https:\/\/impact-phs.eu\/cz\/?s={search_term_string}\"},\"query-input\":{\"@type\":\"PropertyValueSpecification\",\"valueRequired\":true,\"valueName\":\"search_term_string\"}}],\"inLanguage\":\"cz-CZ\"}]}<\/script>\n<!-- \/ Yoast SEO plugin. -->","yoast_head_json":{"title":"Co jsou osobn\u00ed slu\u017eby a slu\u017eby pro dom\u00e1cnost? -","robots":{"index":"index","follow":"follow","max-snippet":"max-snippet:-1","max-image-preview":"max-image-preview:large","max-video-preview":"max-video-preview:-1"},"canonical":"https:\/\/impact-phs.eu\/cz\/do-i-want-to-assess-an-existing-phs-policy\/part-1-what-are-phs\/the-concept-of-phs\/","og_locale":"en_US","og_type":"article","og_title":"Co jsou osobn\u00ed slu\u017eby a slu\u017eby pro dom\u00e1cnost? -","og_description":"V pracovn\u00edm dokumentu z roku 2012 Evropsk\u00e1 komise popisuje osobn\u00ed slu\u017eby a slu\u017eby pro dom\u00e1cnost jako \u0161irokou \u0161k\u00e1lu \u010dinnost\u00ed, kter\u00e9 [&hellip;]","og_url":"https:\/\/impact-phs.eu\/cz\/do-i-want-to-assess-an-existing-phs-policy\/part-1-what-are-phs\/the-concept-of-phs\/","article_modified_time":"2016-04-10T16:41:59+00:00","og_image":[{"width":728,"height":90,"url":"https:\/\/impact-phs.eu\/wp-content\/uploads\/2015\/12\/2.jpg","type":"image\/jpeg"}],"twitter_card":"summary_large_image","twitter_misc":{"Est. reading time":"19 minutes"},"schema":{"@context":"https:\/\/schema.org","@graph":[{"@type":"WebPage","@id":"https:\/\/impact-phs.eu\/cz\/do-i-want-to-assess-an-existing-phs-policy\/part-1-what-are-phs\/the-concept-of-phs\/","url":"https:\/\/impact-phs.eu\/cz\/do-i-want-to-assess-an-existing-phs-policy\/part-1-what-are-phs\/the-concept-of-phs\/","name":"Co jsou osobn\u00ed slu\u017eby a slu\u017eby pro dom\u00e1cnost? -","isPartOf":{"@id":"https:\/\/impact-phs.eu\/cz\/#website"},"primaryImageOfPage":{"@id":"https:\/\/impact-phs.eu\/cz\/do-i-want-to-assess-an-existing-phs-policy\/part-1-what-are-phs\/the-concept-of-phs\/#primaryimage"},"image":{"@id":"https:\/\/impact-phs.eu\/do-i-want-to-assess-an-existing-phs-policy\/part-1-what-are-phs\/the-concept-of-phs\/#primaryimage"},"thumbnailUrl":"http:\/\/impact-phs.eu\/wp-content\/uploads\/2015\/12\/2.jpg","datePublished":"2016-01-30T12:34:30+00:00","dateModified":"2016-04-10T16:41:59+00:00","breadcrumb":{"@id":"https:\/\/impact-phs.eu\/cz\/do-i-want-to-assess-an-existing-phs-policy\/part-1-what-are-phs\/the-concept-of-phs\/#breadcrumb"},"inLanguage":"cz-CZ","potentialAction":[{"@type":"ReadAction","target":[["https:\/\/impact-phs.eu\/cz\/do-i-want-to-assess-an-existing-phs-policy\/part-1-what-are-phs\/the-concept-of-phs\/"]]}]},{"@type":"ImageObject","inLanguage":"cz-CZ","@id":"https:\/\/impact-phs.eu\/cz\/do-i-want-to-assess-an-existing-phs-policy\/part-1-what-are-phs\/the-concept-of-phs\/#primaryimage","url":"http:\/\/impact-phs.eu\/wp-content\/uploads\/2015\/12\/2.jpg","contentUrl":"http:\/\/impact-phs.eu\/wp-content\/uploads\/2015\/12\/2.jpg"},{"@type":"BreadcrumbList","@id":"https:\/\/impact-phs.eu\/cz\/do-i-want-to-assess-an-existing-phs-policy\/part-1-what-are-phs\/the-concept-of-phs\/#breadcrumb","itemListElement":[{"@type":"ListItem","position":1,"name":"Home","item":"https:\/\/impact-phs.eu\/cz\/"},{"@type":"ListItem","position":2,"name":"I want to assess an existing phs policy","item":"https:\/\/impact-phs.eu\/cz\/do-i-want-to-assess-an-existing-phs-policy\/"},{"@type":"ListItem","position":3,"name":"Part 1 &#8211; What are PHS ?","item":"https:\/\/impact-phs.eu\/cz\/do-i-want-to-assess-an-existing-phs-policy\/part-1-what-are-phs\/"},{"@type":"ListItem","position":4,"name":"What are PHS ?"}]},{"@type":"WebSite","@id":"https:\/\/impact-phs.eu\/cz\/#website","url":"https:\/\/impact-phs.eu\/cz\/","name":"","description":"Implementation and monitoring guide of PHS policies","potentialAction":[{"@type":"SearchAction","target":{"@type":"EntryPoint","urlTemplate":"https:\/\/impact-phs.eu\/cz\/?s={search_term_string}"},"query-input":{"@type":"PropertyValueSpecification","valueRequired":true,"valueName":"search_term_string"}}],"inLanguage":"cz-CZ"}]}},"_links":{"self":[{"href":"https:\/\/impact-phs.eu\/cz\/wp-json\/wp\/v2\/pages\/164","targetHints":{"allow":["GET"]}}],"collection":[{"href":"https:\/\/impact-phs.eu\/cz\/wp-json\/wp\/v2\/pages"}],"about":[{"href":"https:\/\/impact-phs.eu\/cz\/wp-json\/wp\/v2\/types\/page"}],"author":[{"embeddable":true,"href":"https:\/\/impact-phs.eu\/cz\/wp-json\/wp\/v2\/users\/1"}],"replies":[{"embeddable":true,"href":"https:\/\/impact-phs.eu\/cz\/wp-json\/wp\/v2\/comments?post=164"}],"version-history":[{"count":10,"href":"https:\/\/impact-phs.eu\/cz\/wp-json\/wp\/v2\/pages\/164\/revisions"}],"predecessor-version":[{"id":1623,"href":"https:\/\/impact-phs.eu\/cz\/wp-json\/wp\/v2\/pages\/164\/revisions\/1623"}],"up":[{"embeddable":true,"href":"https:\/\/impact-phs.eu\/cz\/wp-json\/wp\/v2\/pages\/44"}],"wp:attachment":[{"href":"https:\/\/impact-phs.eu\/cz\/wp-json\/wp\/v2\/media?parent=164"}],"curies":[{"name":"wp","href":"https:\/\/api.w.org\/{rel}","templated":true}]}}